{"id":994,"date":"2025-04-27T10:43:23","date_gmt":"2025-04-27T08:43:23","guid":{"rendered":"https:\/\/5dhnaszezoo.pl\/?page_id=994"},"modified":"2025-05-01T10:28:04","modified_gmt":"2025-05-01T08:28:04","slug":"kh2025-czesc-1","status":"publish","type":"page","link":"https:\/\/5dhnaszezoo.pl\/index.php\/kh2025-czesc-1\/","title":{"rendered":"Konkurs historyczny 2025 &#8211; cz\u0119\u015b\u0107 1"},"content":{"rendered":"<p style=\"text-align: center;\"><span style=\"font-size: 18pt; color: #333399;\">Mariusz Zaruski<\/span><\/p>\n<p style=\"text-align: center;\"><img loading=\"lazy\" decoding=\"async\" class=\"alignnone size-thumbnail wp-image-999\" src=\"http:\/\/5dhnaszezoo.pl\/wp-content\/uploads\/2025\/04\/mariusz-zaruski-150x150.jpg\" alt=\"\" width=\"150\" height=\"150\" \/><\/p>\n<p><em>Zapoznajcie si\u0119 z fakta<\/em><em>mi z \u017cycia tego niezwyk\u0142ego Polaka, nast\u0119pnie rozwi\u0105\u017ccie trzy zadania. Przed rozpocz\u0119ciem quizu pami\u0119tajcie o podaniu imienia i nazwiska.<\/em><\/p>\n<p style=\"text-align: center;\"><a href=\"http:\/\/5dhnaszezoo.pl\/wp-content\/uploads\/2025\/04\/Mariusz-Zaruski-kalendarium.pdf\" target=\"_blank\" rel=\"noopener\"><span style=\"font-size: 14pt;\">Mariusz Zaruski &#8211; kalendarium<\/span><\/a><\/p>\n<p>&nbsp;<\/p>\n<p style=\"text-align: center;\"><a href=\"https:\/\/wordwall.net\/play\/91103\/992\/851\" target=\"_blank\" rel=\"noopener\">ZADANIE 1<\/a><\/p>\n<p><img loading=\"lazy\" decoding=\"async\" class=\"size-thumbnail wp-image-996 aligncenter\" src=\"http:\/\/5dhnaszezoo.pl\/wp-content\/uploads\/2025\/04\/Zadanie-1-150x150.png\" alt=\"\" width=\"150\" height=\"150\" srcset=\"https:\/\/5dhnaszezoo.pl\/wp-content\/uploads\/2025\/04\/Zadanie-1-150x150.png 150w, https:\/\/5dhnaszezoo.pl\/wp-content\/uploads\/2025\/04\/Zadanie-1-298x300.png 298w, https:\/\/5dhnaszezoo.pl\/wp-content\/uploads\/2025\/04\/Zadanie-1.png 389w\" sizes=\"auto, (max-width: 150px) 100vw, 150px\" \/><\/p>\n<p style=\"text-align: center;\"><a href=\"https:\/\/wordwall.net\/play\/91104\/427\/787\" target=\"_blank\" rel=\"noopener\">ZADANIE 2<\/a><\/p>\n<p style=\"text-align: center;\"><img loading=\"lazy\" decoding=\"async\" class=\"alignnone size-thumbnail wp-image-997\" src=\"http:\/\/5dhnaszezoo.pl\/wp-content\/uploads\/2025\/04\/Zadanie-2-150x150.png\" alt=\"\" width=\"150\" height=\"150\" srcset=\"https:\/\/5dhnaszezoo.pl\/wp-content\/uploads\/2025\/04\/Zadanie-2-150x150.png 150w, https:\/\/5dhnaszezoo.pl\/wp-content\/uploads\/2025\/04\/Zadanie-2-300x298.png 300w, https:\/\/5dhnaszezoo.pl\/wp-content\/uploads\/2025\/04\/Zadanie-2.png 387w\" sizes=\"auto, (max-width: 150px) 100vw, 150px\" \/><\/p>\n<p style=\"text-align: center;\"><a href=\"https:\/\/wordwall.net\/play\/91104\/575\/855\" target=\"_blank\" rel=\"noopener\">ZADANIE 3<\/a><\/p>\n<p style=\"text-align: center;\"><img loading=\"lazy\" decoding=\"async\" class=\"alignnone size-thumbnail wp-image-998\" src=\"http:\/\/5dhnaszezoo.pl\/wp-content\/uploads\/2025\/04\/Zadanie-3-150x150.png\" alt=\"\" width=\"150\" height=\"150\" srcset=\"https:\/\/5dhnaszezoo.pl\/wp-content\/uploads\/2025\/04\/Zadanie-3-150x150.png 150w, https:\/\/5dhnaszezoo.pl\/wp-content\/uploads\/2025\/04\/Zadanie-3-300x300.png 300w, https:\/\/5dhnaszezoo.pl\/wp-content\/uploads\/2025\/04\/Zadanie-3.png 386w\" sizes=\"auto, (max-width: 150px) 100vw, 150px\" \/><\/p>\n<p>&nbsp;<\/p>\n<p>&nbsp;<\/p>\n<p>&nbsp;<\/p>\n<p>&nbsp;<\/p>\n<p>&nbsp;<\/p>\n<p>&nbsp;<\/p>\n<p>&nbsp;<\/p>\n","protected":false},"excerpt":{"rendered":"<p>Mariusz Zaruski Zapoznajcie si\u0119 z faktami z \u017cycia tego niezwyk\u0142ego Polaka, nast\u0119pnie rozwi\u0105\u017ccie trzy zadania. Przed rozpocz\u0119ciem quizu pami\u0119tajcie o<\/p>\n","protected":false},"author":1,"featured_media":0,"parent":0,"menu_order":0,"comment_status":"closed","ping_status":"closed","template":"","meta":{"colormag_page_container_layout":"default_layout","colormag_page_sidebar_layout":"default_layout","footnotes":""},"class_list":["post-994","page","type-page","status-publish","hentry"],"_links":{"self":[{"href":"https:\/\/5dhnaszezoo.pl\/index.php\/wp-json\/wp\/v2\/pages\/994","targetHints":{"allow":["GET"]}}],"collection":[{"href":"https:\/\/5dhnaszezoo.pl\/index.php\/wp-json\/wp\/v2\/pages"}],"about":[{"href":"https:\/\/5dhnaszezoo.pl\/index.php\/wp-json\/wp\/v2\/types\/page"}],"author":[{"embeddable":true,"href":"https:\/\/5dhnaszezoo.pl\/index.php\/wp-json\/wp\/v2\/users\/1"}],"replies":[{"embeddable":true,"href":"https:\/\/5dhnaszezoo.pl\/index.php\/wp-json\/wp\/v2\/comments?post=994"}],"version-history":[{"count":4,"href":"https:\/\/5dhnaszezoo.pl\/index.php\/wp-json\/wp\/v2\/pages\/994\/revisions"}],"predecessor-version":[{"id":1022,"href":"https:\/\/5dhnaszezoo.pl\/index.php\/wp-json\/wp\/v2\/pages\/994\/revisions\/1022"}],"wp:attachment":[{"href":"https:\/\/5dhnaszezoo.pl\/index.php\/wp-json\/wp\/v2\/media?parent=994"}],"curies":[{"name":"wp","href":"https:\/\/api.w.org\/{rel}","templated":true}]}}