{"id":778,"date":"2024-03-07T12:26:44","date_gmt":"2024-03-07T11:26:44","guid":{"rendered":"http:\/\/5dhnaszezoo.pl\/?page_id=778"},"modified":"2024-03-07T12:26:44","modified_gmt":"2024-03-07T11:26:44","slug":"zdobywam-stopien","status":"publish","type":"page","link":"https:\/\/5dhnaszezoo.pl\/index.php\/zdobywam-stopien\/","title":{"rendered":"Zdobywam stopie\u0144"},"content":{"rendered":"<p><span style=\"font-size: 14pt;\"><strong>M\u0141ODZIK \/ OCHOTNICZKA<\/strong><\/span><\/p>\n<p><em><img loading=\"lazy\" decoding=\"async\" class=\"wp-image-781  alignleft\" src=\"http:\/\/5dhnaszezoo.pl\/wp-content\/uploads\/2024\/03\/Zrzut-ekranu-2024-03-07-122125-300x153.png\" alt=\"\" width=\"194\" height=\"99\" srcset=\"https:\/\/5dhnaszezoo.pl\/wp-content\/uploads\/2024\/03\/Zrzut-ekranu-2024-03-07-122125-300x153.png 300w, https:\/\/5dhnaszezoo.pl\/wp-content\/uploads\/2024\/03\/Zrzut-ekranu-2024-03-07-122125.png 485w\" sizes=\"auto, (max-width: 194px) 100vw, 194px\" \/>Ochotniczka, czyli ta, kt\u00f3ra dobrowolnie i z w\u0142asnej woli chce poznawa\u0107 harcerstwo. M\u0142odzik, czyli ten, kt\u00f3ry wst\u0119puje w szeregi harcerstwa i chce poznawa\u0107 jego tajemnice. Regularnie i aktywnie uczestnicz\u0119 w zbi\u00f3rkach zast\u0119pu i dru\u017cyny. Dotrzymuj\u0119 danego s\u0142owa, mo\u017cna na mnie polega\u0107. Dbam o siebie \u2013 sp\u0119dzam czas aktywnie i zdrowo. Znam i rozumiem Prawo Harcerskie. Jest dla mnie drogowskazem ka\u017cdego dnia. Wiem, \u017ce s\u0142owa i czyny mog\u0105 krzywdzi\u0107, staram si\u0119 tego nie robi\u0107. Szanuj\u0119 innych i im pomagam. Wiem, jak zachowa\u0107 si\u0119 w lesie, nie niszcz\u0119 go. Jestem samodzielny\/samodzielna, zaradny\/zaradna i obowi\u0105zkowy\/obowi\u0105zkowa w domu, i w szkole. Rozwijam swoje zainteresowania, poznaj\u0119 otaczaj\u0105cy mnie \u015bwiat. Anga\u017cuj\u0119 si\u0119 w wa\u017cne wydarzenia rodzinne.<\/em><\/p>\n<p><a href=\"http:\/\/5dhnaszezoo.pl\/wp-content\/uploads\/2024\/03\/ksiazeczka-Ochotniczka_2022_druk.pdf\" target=\"_blank\" rel=\"noopener\">Ksi\u0105\u017ceczka pr\u00f3by na stopie\u0144 &#8211; Ochotniczka<\/a><\/p>\n<p><a href=\"http:\/\/5dhnaszezoo.pl\/wp-content\/uploads\/2024\/03\/ksiazeczka-Mlodzik_2022_druk.pdf\" target=\"_blank\" rel=\"noopener\">Ksi\u0105\u017ceczka pr\u00f3by na stopie\u0144 &#8211; M\u0142odzik<\/a><\/p>\n<p><strong>TROPICIELKA \/ WYWIADOWCA<\/strong><\/p>\n<p><em><img loading=\"lazy\" decoding=\"async\" class=\"wp-image-782  alignleft\" src=\"http:\/\/5dhnaszezoo.pl\/wp-content\/uploads\/2024\/03\/Zrzut-ekranu-2024-03-07-122243-300x150.png\" alt=\"\" width=\"210\" height=\"105\" srcset=\"https:\/\/5dhnaszezoo.pl\/wp-content\/uploads\/2024\/03\/Zrzut-ekranu-2024-03-07-122243-300x150.png 300w, https:\/\/5dhnaszezoo.pl\/wp-content\/uploads\/2024\/03\/Zrzut-ekranu-2024-03-07-122243.png 491w\" sizes=\"auto, (max-width: 210px) 100vw, 210px\" \/>Tropicielka, czyli ta, kt\u00f3ra zna si\u0119 na tropieniu, poszukiwaniu informacji i wykorzystywaniu ich w codziennym \u017cyciu. Wywiadowca, czyli ten, kt\u00f3ry bacznie obserwuje otoczenie i stara si\u0119 zapami\u0119ta\u0107 jak najwi\u0119cej, aby wykorzysta\u0107 to w codziennym \u017cyciu. Harcerstwo sta\u0142o si\u0119 dla mnie przygod\u0105 i drog\u0105 do stawania si\u0119 coraz lepszym\/lepsz\u0105 w ka\u017cdej dziedzinie. Mam coraz wi\u0119kszy wp\u0142yw na \u017cycie mojego zast\u0119pu, podrzucam moje propozycje i pomys\u0142y na to, co robimy na zbi\u00f3rkach. Dbam o to by m\u00f3j zast\u0119p by\u0142 dobry. Rozwijam swoje zainteresowania i dziel\u0119 si\u0119 nimi z zast\u0119pem. Poszerzam swoj\u0105 wiedz\u0119 o \u015bwiecie i szukam odpowiedzi, kiedy czego\u015b nie rozumiem. Mam swoich ulubionych bohater\u00f3w, kt\u00f3rych pr\u00f3buj\u0119 na\u015bladowa\u0107. W swoim post\u0119powaniu staram si\u0119 kierowa\u0107 Prawem Harcerskim. Spe\u0142nianie dobrych uczynk\u00f3w to m\u00f3j spos\u00f3b na czynienie dobra. Jestem odpowiedzialny\/odpowiedzialna, potrafi\u0119 ponie\u015b\u0107 konsekwencje swoich b\u0142\u0119dnych decyzji. Szanuj\u0119 przyrod\u0119, podejmuj\u0119 dzia\u0142ania by j\u0105 chroni\u0107. Dbam o swoje zdrowie \u2013 regularnie uprawiam wybran\u0105 aktywno\u015b\u0107 fizyczn\u0105. Wspieram moj\u0105 rodzin\u0119 \u2013 mam swoje sta\u0142e obowi\u0105zki.<\/em><\/p>\n<p><a href=\"http:\/\/5dhnaszezoo.pl\/wp-content\/uploads\/2024\/03\/ksiazeczka-Tropicielka_2022_druk.pdf\" target=\"_blank\" rel=\"noopener\">Ksi\u0105\u017ceczka pr\u00f3by na stopie\u0144 &#8211; Tropicielka<\/a><\/p>\n<p><a href=\"http:\/\/5dhnaszezoo.pl\/wp-content\/uploads\/2024\/03\/ksiazeczka-Wywiadowca_2022_druk.pdf\" target=\"_blank\" rel=\"noopener\">Ksi\u0105\u017ceczka pr\u00f3by na stopie\u0144 &#8211; Wywiadowca<\/a><\/p>\n","protected":false},"excerpt":{"rendered":"<p>M\u0141ODZIK \/ OCHOTNICZKA Ochotniczka, czyli ta, kt\u00f3ra dobrowolnie i z w\u0142asnej woli chce poznawa\u0107 harcerstwo. M\u0142odzik, czyli ten, kt\u00f3ry wst\u0119puje<\/p>\n","protected":false},"author":1,"featured_media":0,"parent":0,"menu_order":0,"comment_status":"closed","ping_status":"closed","template":"","meta":{"colormag_page_container_layout":"default_layout","colormag_page_sidebar_layout":"default_layout","footnotes":""},"class_list":["post-778","page","type-page","status-publish","hentry"],"_links":{"self":[{"href":"https:\/\/5dhnaszezoo.pl\/index.php\/wp-json\/wp\/v2\/pages\/778","targetHints":{"allow":["GET"]}}],"collection":[{"href":"https:\/\/5dhnaszezoo.pl\/index.php\/wp-json\/wp\/v2\/pages"}],"about":[{"href":"https:\/\/5dhnaszezoo.pl\/index.php\/wp-json\/wp\/v2\/types\/page"}],"author":[{"embeddable":true,"href":"https:\/\/5dhnaszezoo.pl\/index.php\/wp-json\/wp\/v2\/users\/1"}],"replies":[{"embeddable":true,"href":"https:\/\/5dhnaszezoo.pl\/index.php\/wp-json\/wp\/v2\/comments?post=778"}],"version-history":[{"count":1,"href":"https:\/\/5dhnaszezoo.pl\/index.php\/wp-json\/wp\/v2\/pages\/778\/revisions"}],"predecessor-version":[{"id":785,"href":"https:\/\/5dhnaszezoo.pl\/index.php\/wp-json\/wp\/v2\/pages\/778\/revisions\/785"}],"wp:attachment":[{"href":"https:\/\/5dhnaszezoo.pl\/index.php\/wp-json\/wp\/v2\/media?parent=778"}],"curies":[{"name":"wp","href":"https:\/\/api.w.org\/{rel}","templated":true}]}}