{"id":196,"date":"2020-11-13T12:56:32","date_gmt":"2020-11-13T11:56:32","guid":{"rendered":"http:\/\/5dhnaszezoo.pl\/?page_id=196"},"modified":"2024-03-07T15:38:33","modified_gmt":"2024-03-07T14:38:33","slug":"zdobywam-sprawnosc","status":"publish","type":"page","link":"https:\/\/5dhnaszezoo.pl\/index.php\/zdobywam-sprawnosc\/","title":{"rendered":"Zdobywam sprawno\u015b\u0107"},"content":{"rendered":"<p><span style=\"font-family: comic sans ms, sans-serif;\"><strong>Jak zdoby\u0107 sprawno\u015b\u0107?<\/strong><\/span><\/p>\n<p>To bardzo proste. Z zamieszczonej poni\u017cej listy wybierz sprawno\u015b\u0107 kt\u00f3r\u0105 chcesz zdoby\u0107. Wykonaj zadania i napisz kr\u00f3tkie sprawozdanie (mo\u017cesz zamie\u015bci\u0107 w nim zdj\u0119cia albo podpisy os\u00f3b kt\u00f3re mog\u0105 potwierdzi\u0107, \u017ce zadanie zosta\u0142o wykonane). Gotowy &#8222;meldunek&#8221; z wykonania zada\u0144 oddaj dru\u017cynowej.<\/p>\n<p>Poni\u017cej znajdziecie kilka przyk\u0142adowych sprawno\u015bci wraz z zadaniami.<\/p>\n<p>Pe\u0142n\u0105 ich list\u0119 mo\u017cecie znale\u017a\u0107 <a href=\"http:\/\/5dhnaszezoo.pl\/wp-content\/uploads\/2023\/10\/Programy-sprawnosci-harcerskich_25.01.2021.pdf\" target=\"_blank\" rel=\"noopener\">tutaj.<\/a><\/p>\n<p><strong>Do dzie\u0142a!<\/strong><\/p>\n<table style=\"border-collapse: collapse; width: 100%; height: 1454px;\">\n<tbody>\n<tr style=\"height: 24px;\">\n<td style=\"width: 21.8877%; text-align: center; height: 24px;\"><strong><span style=\"color: #339966;\">SPRAWNO\u015a\u0106<\/span><\/strong><\/td>\n<td style=\"width: 78.1125%; text-align: center; height: 24px;\"><strong><span style=\"color: #339966;\">ZADANIA<br \/>\n<\/span><\/strong><\/td>\n<\/tr>\n<tr style=\"height: 222px;\">\n<td style=\"width: 21.8877%; text-align: center; height: 222px;\"><strong><span style=\"color: #339966;\">DOMOWNIK<br \/>\n<\/span><\/strong><img loading=\"lazy\" decoding=\"async\" class=\"alignnone wp-image-711\" src=\"http:\/\/5dhnaszezoo.pl\/wp-content\/uploads\/2023\/10\/domowniczka.png\" alt=\"\" width=\"109\" height=\"105\" \/><\/td>\n<td style=\"width: 78.1125%; text-align: left; height: 222px;\">\n<ol>\n<li>Przez minimum tydzie\u0144 podj\u0105\u0142em\/am si\u0119 dodatkowego obowi\u0105zku, ustalonego z rodzicami, na rzecz domu, np. zmywa\u0142em\/am naczynia, wynosi\u0142em\/am \u015bmieci.<\/li>\n<li>W czasie pr\u00f3by segregowa\u0142em\/am \u015bmieci. Je\u015bli dot\u0105d go nie by\u0142o, zorganizowa\u0142em\/am w domu miejsce na r\u00f3\u017cne rodzaje surowc\u00f3w wt\u00f3rnych.<\/li>\n<li>Zabezpieczy\u0142em\/am przed zepsuciem si\u0119 r\u00f3\u017cne artyku\u0142y spo\u017cywcze, np. w\u0119dliny, mas\u0142o, pieczywo, p\u0142atki itp.<\/li>\n<li>Poodkurza\u0142em\/am ca\u0142e mieszkanie, stosuj\u0105c w\u0142a\u015bciwy sprz\u0119t i \u015brodki do pod\u0142\u00f3g, mebli i dywan\u00f3w.<\/li>\n<\/ol>\n<\/td>\n<\/tr>\n<tr style=\"height: 96px;\">\n<td style=\"width: 21.8877%; text-align: center; height: 96px;\"><strong><span style=\"color: #339966;\">EUROPEJCZYK<\/span><\/strong><span style=\"color: #000000;\"><br \/>\n<\/span><img loading=\"lazy\" decoding=\"async\" class=\"alignnone wp-image-712\" src=\"http:\/\/5dhnaszezoo.pl\/wp-content\/uploads\/2023\/10\/europejczyk.png\" alt=\"\" width=\"128\" height=\"111\" \/>&nbsp;<\/td>\n<td style=\"width: 78.1125%; text-align: left; height: 96px;\">\n<ol>\n<li>Dowiedzia\u0142em\/am si\u0119, czym jest Unia Europejska i od kiedy nale\u017cy do niej Polska. Zdoby\u0142em\/am r\u00f3\u017cne ciekawostki dotycz\u0105ce pa\u0144stw nale\u017c\u0105cych do UE. Zaprezentowa\u0142em\/am je w ciekawej formie r\u00f3wie\u015bnikom.<\/li>\n<li>Pozna\u0142em\/am najwa\u017cniejsze symbole Unii Europejskiej. Wykona\u0142em\/am jedno z zada\u0144:<br \/>\n&#8211; Od\u015bpiewa\u0142em\/am hymn Unii Europejskiej.<br \/>\n&#8211; Zagra\u0142em\/am hymn Unii Europejskiej na instrumencie.<br \/>\n&#8211; Wykona\u0142em\/am flag\u0119 europejsk\u0105.<\/li>\n<li>Wiem, jakie kraje z najbli\u017cszego otoczenia mojego kraju s\u0105 cz\u0142onkami Unii Europejskiej. Przygotowa\u0142em\/am map\u0119 Polski z zaznaczonymi zewn\u0119trznymi granicami UE, kt\u00f3re pokrywaj\u0105 si\u0119 z granicami Polski.<\/li>\n<\/ol>\n<\/td>\n<\/tr>\n<tr style=\"height: 96px;\">\n<td style=\"width: 21.8877%; text-align: center; height: 96px;\"><strong><span style=\"color: #339966;\">FOTOGRAF<\/span><\/strong><\/p>\n<p><img loading=\"lazy\" decoding=\"async\" class=\"alignnone wp-image-713\" src=\"http:\/\/5dhnaszezoo.pl\/wp-content\/uploads\/2023\/10\/fotograf.png\" alt=\"\" width=\"126\" height=\"118\" \/><\/td>\n<td style=\"width: 78.1125%; height: 96px;\">\n<ol>\n<li>Wykona\u0142am\/em portret osoby lub zjawiska przyrody.<\/li>\n<li>Wykona\u0142am\/em zdj\u0119cie tematyczne, odpowiednio u\u017cywaj\u0105c w\u0142a\u015bciwych funkcji.<\/li>\n<li>Na biwaku lub obozie robi\u0142am\/em zdj\u0119cia dru\u017cynie, nast\u0119pnie wybra\u0142am\/em\u00a0najlepsze do publikacji.<\/li>\n<li>Posiadam w\u0142asn\u0105 kolekcj\u0119 zdj\u0119\u0107. Wiem, jak o ni\u0105 dba\u0107 (katalogowanie, opisywanie, bezpieczne przechowywanie).<\/li>\n<\/ol>\n<\/td>\n<\/tr>\n<tr style=\"height: 96px;\">\n<td style=\"width: 21.8877%; text-align: center; height: 96px;\"><strong><span style=\"color: #339966;\">GENEALOG<\/span><\/strong><\/p>\n<p><img loading=\"lazy\" decoding=\"async\" class=\"alignnone wp-image-714\" src=\"http:\/\/5dhnaszezoo.pl\/wp-content\/uploads\/2023\/10\/genealog-150x142.png\" alt=\"\" width=\"110\" height=\"104\" \/><\/td>\n<td style=\"width: 78.1125%; height: 96px;\">\n<ol>\n<li>Przeprowadzi\u0142em\/am wywiad z rodzicami na temat ich rodzic\u00f3w i rodze\u0144stwa. Na tej podstawie stworzy\u0142em\/am proste drzewo genealogiczne uwzgl\u0119dniaj\u0105ce najbli\u017cszych krewnych.<\/li>\n<li>W albumie rodzinnym (lub elektronicznym zbiorze zdj\u0119\u0107) odnalaz\u0142em\/am co najmniej 3 zdj\u0119cia wykonane przed moim urodzeniem. Opisa\u0142em\/am dok\u0142adnie, kto si\u0119 na nich znajduje i jakiego wydarzenia dotycz\u0105.<\/li>\n<li>Zdoby\u0142em\/am informacje na temat krewnych z mojego drzewa genealogicznego: kiedy si\u0119 urodzili, gdzie si\u0119 urodzili\/wychowali, gdzie pracowali\/uczyli si\u0119.<\/li>\n<\/ol>\n<\/td>\n<\/tr>\n<tr style=\"height: 96px;\">\n<td style=\"width: 21.8877%; text-align: center; height: 96px;\"><span style=\"color: #339966;\"><strong>K6<\/strong><\/span><\/p>\n<p><img loading=\"lazy\" decoding=\"async\" class=\"alignnone wp-image-715\" src=\"http:\/\/5dhnaszezoo.pl\/wp-content\/uploads\/2023\/10\/K6-150x144.png\" alt=\"\" width=\"126\" height=\"121\" \/><\/td>\n<td style=\"width: 78.1125%; height: 96px;\">\n<ol>\n<li>Zagra\u0142em\/am w 5 r\u00f3\u017cnych gier stolikowych z rodzin\u0105, zast\u0119pem lub znajomymi.<\/li>\n<li>Na zbi\u00f3rce zast\u0119pu zaproponowa\u0142em\/am gr\u0119 dobran\u0105 odpowiednio do wieku i do\u015bwiadczenia graczy. Wyja\u015bni\u0142em\/am zasady i poprowadzi\u0142em\/am rozgrywk\u0119.<\/li>\n<li>Zagra\u0142em\/am w co najmniej jedn\u0105 gr\u0119 planszow\u0105 lub karcian\u0105 o tematyce harcerskiej lub historycznej.<\/li>\n<li>Naprawi\u0142em\/am i zakonserwowa\u0142em\/am gr\u0119 stolikow\u0105 (naprawa pude\u0142ka, wsadzenie kart w koszulki, uzupe\u0142nienie brakuj\u0105cych element\u00f3w).<\/li>\n<\/ol>\n<\/td>\n<\/tr>\n<tr style=\"height: 96px;\">\n<td style=\"width: 21.8877%; text-align: center; height: 96px;\"><span style=\"color: #339966;\"><strong>KARTOGRAF<\/strong><\/span><\/p>\n<p><img loading=\"lazy\" decoding=\"async\" class=\"alignnone wp-image-716\" src=\"http:\/\/5dhnaszezoo.pl\/wp-content\/uploads\/2023\/10\/Kkartograf-150x144.png\" alt=\"\" width=\"120\" height=\"115\" \/><\/td>\n<td style=\"width: 78.1125%; height: 96px;\">\n<ol>\n<li>Wyznaczy\u0142em\/am kilkakrotnie kierunki \u015bwiata w terenie, za pomoc\u0105 kompasu oraz bez jego u\u017cycia, wykorzystuj\u0105c elementy terenowe.<\/li>\n<li>W czasie w\u0119dr\u00f3wki w terenie zorientowa\u0142em\/am map\u0119 zgodnie z kierunkami \u015bwiata. Poprowadzi\u0142am\/em zast\u0119p podczas w\u0119dr\u00f3wki.<\/li>\n<li>Zapami\u0119ta\u0142em\/am drog\u0119 przebyt\u0105 w mie\u015bcie i z pami\u0119ci wykona\u0142em\/am szkic drogi (plan ulic, przez kt\u00f3re przechodzi\u0142em\/am).<\/li>\n<li>W Imprezie Na Orientacj\u0119 (INO) sk\u0142adaj\u0105cej si\u0119 z co najmniej 5 punkt\u00f3w kontrolnych pokona\u0142em ca\u0142a tras\u0119, odnajduj\u0105c wszystkie punkty.<\/li>\n<\/ol>\n<\/td>\n<\/tr>\n<tr style=\"height: 48px;\">\n<td style=\"width: 21.8877%; text-align: center; height: 48px;\"><span style=\"color: #339966;\"><strong>KOLEKCJONER<\/strong><\/span><br \/>\n<img loading=\"lazy\" decoding=\"async\" class=\"alignnone wp-image-717\" src=\"http:\/\/5dhnaszezoo.pl\/wp-content\/uploads\/2023\/10\/kolekcjoner-150x144.png\" alt=\"\" width=\"126\" height=\"121\" \/><\/td>\n<td style=\"width: 78.1125%; height: 48px;\">\n<ol>\n<li>Przez co najmniej miesi\u0105c zbiera\u0142em\/am wybrane przedmioty i przechowywa\u0142em\/am je w bezpiecznym miejscu tak, aby nie uleg\u0142y zniszczeniu.<\/li>\n<li>Pog\u0142\u0119bi\u0142em\/am wiedz\u0119 na temat wybranego przedmiotu z mojej kolekcji. Zrobi\u0142em\/am jego zdj\u0119cie i opis.<\/li>\n<li>Przedstawi\u0142em\/am swoj\u0105 kolekcj\u0119 na zbi\u00f3rce zast\u0119pu. Podzieli\u0142em\/am si\u0119 z zast\u0119pem swoj\u0105 wiedz\u0105 na temat zbioru.<\/li>\n<\/ol>\n<\/td>\n<\/tr>\n<tr style=\"height: 48px;\">\n<td style=\"width: 21.8877%; text-align: center; height: 48px;\"><span style=\"color: #339966;\"><strong>KUCHARZ<\/strong><\/span><br \/>\n<img loading=\"lazy\" decoding=\"async\" class=\"alignnone wp-image-718\" src=\"http:\/\/5dhnaszezoo.pl\/wp-content\/uploads\/2023\/10\/kucharz-150x147.png\" alt=\"\" width=\"116\" height=\"114\" \/><\/td>\n<td style=\"width: 78.1125%; height: 48px;\">\n<ol>\n<li>Przygotowa\u0142em\/am pod nadzorem rodzica \u015bniadanie lub kolacj\u0119 dla domownik\u00f3w, w tym jedno wybrane danie na ciep\u0142o, np. owsiank\u0119, jajecznic\u0119 itp.<\/li>\n<li>Przygotowa\u0142em\/am podwieczorek na biwaku lub obozie dru\u017cyny, serwuj\u0105c zdrow\u0105 przek\u0105sk\u0119 wed\u0142ug w\u0142asnego pomys\u0142u, np. jogurt z owocami, szasz\u0142yki z suszonych lub \u015bwie\u017cych owoc\u00f3w, kasz\u0119 mann\u0119, batoniki musli, sa\u0142atk\u0119 owocow\u0105.<\/li>\n<li>Obra\u0142em\/am kilka r\u00f3\u017cnych warzyw (np. ziemniaki, marchewk\u0119), kt\u00f3re pos\u0142u\u017cy\u0142y do przygotowania posi\u0142ku podczas 5 r\u00f3\u017cnych okazji.<\/li>\n<li>Przyrz\u0105dzi\u0142em\/am pod nadzorem rodzica 2 potrawy:<br \/>\n&#8211; sa\u0142atk\u0119 sk\u0142adaj\u0105c\u0105 si\u0119 z co najmniej 4 r\u00f3\u017cnych sk\u0142adnik\u00f3w,<br \/>\n&#8211; kanapki z 3 r\u00f3\u017cnymi dodatkami.<\/li>\n<\/ol>\n<\/td>\n<\/tr>\n<tr style=\"height: 96px;\">\n<td style=\"width: 21.8877%; text-align: center; height: 96px;\"><span style=\"color: #339966;\"><strong>\u0141AZIK<\/strong><\/span><\/p>\n<p><img loading=\"lazy\" decoding=\"async\" class=\"alignnone wp-image-719\" src=\"http:\/\/5dhnaszezoo.pl\/wp-content\/uploads\/2023\/10\/lazik-150x147.png\" alt=\"\" width=\"131\" height=\"128\" \/><\/td>\n<td style=\"width: 78.1125%; height: 96px;\">\n<ol>\n<li>Przeszed\u0142em\/przesz\u0142am samodzielnie lub z zast\u0119pem zaplanowan\u0105 tras\u0119 o d\u0142ugo\u015bci co najmniej 6 km w terenie pozamiejskim, ubieraj\u0105c si\u0119 stosownie do warunk\u00f3w terenowych i pogodowych, zabezpieczaj\u0105c si\u0119 przed przegrzaniem, przemoczeniem oraz otarciem st\u00f3p.<\/li>\n<li>Dotar\u0142em\/am pieszo do wskazanego punktu, korzystaj\u0105c z mapy.<\/li>\n<li>Skompletowa\u0142em\/am niezb\u0119dna cz\u0119\u015b\u0107 ekwipunku turystycznego (dobre buty do w\u0119dr\u00f3wki w ka\u017cd\u0105 pogod\u0119, kurtk\u0119 przeciwdeszczow\u0105, plecak, kompas).<\/li>\n<li>Przed wyruszeniem na w\u0119dr\u00f3wk\u0119 przypomnia\u0142em\/am pozosta\u0142ym uczestnikom zasady bezpiecznego poruszania si\u0119 po drogach.<\/li>\n<\/ol>\n<\/td>\n<\/tr>\n<tr style=\"height: 56px;\">\n<td style=\"width: 21.8877%; text-align: center; height: 56px;\"><span style=\"color: #339966;\"><strong>MALARZ<\/strong><\/span><\/p>\n<p><img loading=\"lazy\" decoding=\"async\" class=\"alignnone wp-image-720\" src=\"http:\/\/5dhnaszezoo.pl\/wp-content\/uploads\/2023\/10\/malarz-150x147.png\" alt=\"\" width=\"120\" height=\"118\" \/><\/td>\n<td style=\"width: 78.1125%; height: 56px;\">\n<ol>\n<li>Skompletowa\u0142em\/am zestaw podstawowych narz\u0119dzi do pracy: farby, paleta i p\u0119dzle. Opowiedzia\u0142em\/am cz\u0142onkom zast\u0119pu, jak o nie dbam.<\/li>\n<li>Namalowa\u0142em\/am 3 obrazy o dowolnej tematyce dowoln\u0105 technik\u0105.<\/li>\n<li>Odwiedzi\u0142em\/am wystaw\u0119 malarsk\u0105\/artystyczn\u0105.<\/li>\n<li>Wymieni\u0142em\/am barwy podstawowe, trzy kolory ciep\u0142e i trzy kolory zimne.<\/li>\n<\/ol>\n<\/td>\n<\/tr>\n<tr style=\"height: 96px;\">\n<td style=\"width: 21.8877%; text-align: center; height: 96px;\"><span style=\"color: #339966;\"><strong>ORGANIZATOR NAUKI<\/strong><\/span><\/p>\n<p><img loading=\"lazy\" decoding=\"async\" class=\"alignnone wp-image-721\" src=\"http:\/\/5dhnaszezoo.pl\/wp-content\/uploads\/2023\/10\/organizator-nauki-150x147.png\" alt=\"\" width=\"127\" height=\"124\" \/><\/td>\n<td style=\"width: 78.1125%; height: 96px;\">\n<ol>\n<li>Opracowa\u0142em\/am tygodniowy plan zaj\u0119\u0107, w kt\u00f3rym uwzgl\u0119dni\u0142em\/am wszystkie swoje zaj\u0119cia (lekcje w szkole, odrabianie zada\u0144 domowych, zaj\u0119cia pozalekcyjne, obowi\u0105zki domowe, czas odpoczynku).<\/li>\n<li>Zorganizowa\u0142em\/am sobie miejsce do nauki w domu (o\u015bwietlenie, ustawienie krzes\u0142a itp.).<\/li>\n<li>Pozna\u0142em\/am co najmniej jedn\u0105 metod\u0119 umo\u017cliwiaj\u0105c\u0105 zapami\u0119tywanie r\u00f3\u017cnych informacji. U\u017cy\u0142em\/am tej metody do przygotowania si\u0119 na sprawdzian w szkole.<\/li>\n<li>Ucz\u0105c si\u0119 do przynajmniej jednego sprawdzianu, wymy\u015bli\u0142em\/am po 2 sposoby praktycznego zastosowania wiedzy, kt\u00f3r\u0105 zdoby\u0142em\/am.<\/li>\n<\/ol>\n<\/td>\n<\/tr>\n<tr style=\"height: 96px;\">\n<td style=\"width: 21.8877%; text-align: center; height: 96px;\"><span style=\"color: #339966;\"><strong>PLASTYK<\/strong><\/span><\/p>\n<p><img loading=\"lazy\" decoding=\"async\" class=\"alignnone wp-image-722\" src=\"http:\/\/5dhnaszezoo.pl\/wp-content\/uploads\/2023\/10\/plastyk-150x147.png\" alt=\"\" width=\"127\" height=\"124\" \/><\/td>\n<td style=\"width: 78.1125%; height: 96px;\">\n<ol>\n<li>Wykona\u0142em\/am co najmniej 3 ozdobne strony do kroniki (np. stron\u0119 tytu\u0142ow\u0105, wpisy zawieraj\u0105ce ozdobne inicja\u0142y, rysunki itp.) trzema r\u00f3\u017cnymi stylami i technikami lub trzy ilustracje na potrzeby dru\u017cyny, do swojego \u015bpiewnika czy na potrzeby szko\u0142y lub domu.<\/li>\n<li>Wykona\u0142em\/am drobne przedmioty ozdobne z prostych materia\u0142\u00f3w (karton, tworzywo le\u015bne, sznurek owoce itp.) &#8211; na przyk\u0142ad zdobnictwo obozowe, rekwizyty do zbi\u00f3rki, ozdoby na choink\u0119 itd.<\/li>\n<li>Umiem pos\u0142ugiwa\u0107 si\u0119 farbami, wykorzystuj\u0105c resztki farb do ko\u0144ca zrealizowa\u0142em jedno z poni\u017cszych zada\u0144:<br \/>\n&#8211; wykona\u0142em\/am ozdobny napis w\u0142a\u015bciwie zestawiaj\u0105c kolory;<br \/>\n&#8211; namalowa\u0142em\/am obraz wypr\u00f3bowuj\u0105c r\u00f3\u017cne metody nak\u0142adania farby (mokry p\u0119dzel\/suchy p\u0119dzel, kawa\u0142ek kartonu\/g\u0105bka lub dowolne inne).<\/li>\n<\/ol>\n<\/td>\n<\/tr>\n<tr style=\"height: 96px;\">\n<td style=\"width: 21.8877%; text-align: center; height: 96px;\"><span style=\"color: #339966;\"><strong>POMOCNA D\u0141O\u0143<\/strong><\/span><\/p>\n<p><img loading=\"lazy\" decoding=\"async\" class=\"alignnone wp-image-723\" src=\"http:\/\/5dhnaszezoo.pl\/wp-content\/uploads\/2023\/10\/pomocna-dlon-150x147.png\" alt=\"\" width=\"121\" height=\"119\" \/><\/td>\n<td style=\"width: 78.1125%; height: 96px;\">\n<ol>\n<li>Opiekowa\u0142em\/am si\u0119 m\u0142odszym rodze\u0144stwem lub innym dzieckiem przez kilka godzin (np. pod nieobecno\u015b\u0107 rodzic\u00f3w lub gdy byli bardzo zaj\u0119ci), umiej\u0119tnie je zabawiaj\u0105c i zapewniaj\u0105c bezpiecze\u0144stwo.<\/li>\n<li>Wiem, jak oceni\u0107 temperatur\u0119 cz\u0142owieka. Regularnie mierzy\u0142em\/am temperatur\u0119 chorego, kt\u00f3ry znajdowa\u0142 si\u0119 pod moj\u0105 opiek\u0105 co najmniej przez trzy dni.<\/li>\n<li>Prawid\u0142owo zaparzy\u0142em\/am herbat\u0119 zio\u0142ow\u0105 osobie starszej lub chorej.<\/li>\n<\/ol>\n<\/td>\n<\/tr>\n<tr style=\"height: 96px;\">\n<td style=\"width: 21.8877%; text-align: center; height: 96px;\"><span style=\"color: #339966;\"><strong>PRZYJACIEL KSI\u0104\u017bKI<\/strong><\/span><\/p>\n<p><img loading=\"lazy\" decoding=\"async\" class=\"alignnone wp-image-724\" src=\"http:\/\/5dhnaszezoo.pl\/wp-content\/uploads\/2023\/10\/przyjaciel-ksiazki-150x149.png\" alt=\"\" width=\"124\" height=\"123\" \/><\/td>\n<td style=\"width: 78.1125%; height: 96px;\">\n<ol>\n<li>Stworzy\u0142em\/am list\u0119 ksi\u0105\u017cek, kt\u00f3re chcia\u0142bym\/chcia\u0142abym przeczyta\u0107. Przeczyta\u0142em\/am co najmniej dwie ksi\u0105\u017cki z mojej listy.<\/li>\n<li>Znalaz\u0142em\/am ksi\u0105\u017ck\u0119, kt\u00f3r\u0105 polubi\u0142em\/am. Zach\u0119ci\u0142em\/am do jej przeczytania cz\u0142onk\u00f3w mojego zast\u0119pu lub koleg\u00f3w\/kole\u017canki z klasy.<\/li>\n<li>Samodzielnie wykona\u0142em\/am kilka zak\u0142adek do swoich ksi\u0105\u017cek.<\/li>\n<li>Zrobi\u0142em\/am spis alfabetyczny posiadanych ksi\u0105\u017cek.<\/li>\n<\/ol>\n<\/td>\n<\/tr>\n<tr style=\"height: 96px;\">\n<td style=\"width: 21.8877%; text-align: center; height: 96px;\"><span style=\"color: #339966;\"><strong>PRZYJACIEL ZWIERZ\u0104T<\/strong><\/span><\/p>\n<p><img loading=\"lazy\" decoding=\"async\" class=\"alignnone wp-image-725\" src=\"http:\/\/5dhnaszezoo.pl\/wp-content\/uploads\/2023\/10\/przyjaciel-zwierzat-150x149.png\" alt=\"\" width=\"126\" height=\"125\" \/><\/td>\n<td style=\"width: 78.1125%; height: 96px;\">\n<ol>\n<li>Przygotowa\u0142em\/am dla zast\u0119pu quiz, gr\u0119 planszow\u0105 itp. wymagaj\u0105c\u0105 rozpoznania na zdj\u0119ciach lub rysunkach minimum 15 gatunk\u00f3w zwierz\u0105t \u017cyj\u0105cych dziko w Polsce.<\/li>\n<li>Wykona\u0142em\/am jedno z poni\u017cszych zada\u0144:<br \/>\nObserwowa\u0142em\/am przez miesi\u0105c \u017cycie mojego zwierz\u0119cia domowego, zapisywa\u0142em\/am najciekawsze spostrze\u017cenia, opowiedzia\u0142em\/am o nich na zbi\u00f3rce zast\u0119pu.<br \/>\nUm\u00f3wi\u0142em\/am si\u0119 z kim\u015b na regularne wyprowadzania psa lub opiek\u0119 nad czyim\u015b zwierz\u0119ciem przez miesi\u0105c.<\/li>\n<li>Dowiedzia\u0142em\/am si\u0119 i opowiedzia\u0142em\/am zast\u0119powi, jakie dzikie zwierz\u0119ta (w tym ptaki) zamieszkuj\u0105 najbli\u017csze tereny i jak mo\u017cna im pomaga\u0107. Pomog\u0142em\/am zwierz\u0119tom sam\/a lub w ramach zorganizowanej akcji np. w zimowym dokarmianiu, budowaniu budek l\u0119gowych, przenoszeniu skrzeku, budowaniu p\u0142otk\u00f3w dla p\u0142az\u00f3w.<\/li>\n<\/ol>\n<\/td>\n<\/tr>\n<tr>\n<td style=\"width: 21.8877%; text-align: center;\"><span style=\"color: #339966;\"><strong>RATOWNIK<\/strong><\/span><span style=\"color: #339966;\"><strong><img loading=\"lazy\" decoding=\"async\" class=\"alignnone wp-image-726\" src=\"http:\/\/5dhnaszezoo.pl\/wp-content\/uploads\/2023\/10\/ratownik-150x149.png\" alt=\"\" width=\"132\" height=\"131\" \/><\/strong><\/span><\/td>\n<td style=\"width: 78.1125%;\">\n<ol>\n<li>Udzieli\u0142em\/am pomocy w nast\u0119puj\u0105cych sytuacjach:<br \/>\n&#8211; Opatrzy\u0142em\/am ran\u0119, zabezpieczy\u0142em\/am oparzenie.<br \/>\n&#8211; Zareagowa\u0142em\/am w\u0142a\u015bciwie w sytuacji omdlenia.<br \/>\n&#8211; Zadba\u0142em\/am o bezpiecze\u0144stwo osoby nieprzytomnej (oceni\u0142em\/am przytomno\u015b\u0107, udro\u017cni\u0142em\/am drogi oddechowe i sprawdzi\u0142em\/am oddech u poszkodowanego nieprzytomnego).<\/li>\n<li>Znam numery alarmowe, skorzysta\u0142em\/am z nich w sytuacji rzeczywistej lub symulowanej podaj\u0105c dyspozytorowi niezb\u0119dne informacje.<\/li>\n<li>Unieruchomi\u0142em\/am r\u0119k\u0119 w przypadku urazu.<\/li>\n<li>Oceni\u0142em\/am czy mog\u0119 bezpiecznie udzieli\u0107 pierwszej pomocy poszkodowanemu. Bezpiecznie zdj\u0105\u0142em\/zdj\u0119\u0142am r\u0119kawiczki.<\/li>\n<\/ol>\n<\/td>\n<\/tr>\n<\/tbody>\n<\/table>\n","protected":false},"excerpt":{"rendered":"<p>Jak zdoby\u0107 sprawno\u015b\u0107? To bardzo proste. Z zamieszczonej poni\u017cej listy wybierz sprawno\u015b\u0107 kt\u00f3r\u0105 chcesz zdoby\u0107. Wykonaj zadania i napisz kr\u00f3tkie<\/p>\n","protected":false},"author":1,"featured_media":0,"parent":0,"menu_order":0,"comment_status":"closed","ping_status":"closed","template":"","meta":{"colormag_page_container_layout":"default_layout","colormag_page_sidebar_layout":"default_layout","footnotes":""},"class_list":["post-196","page","type-page","status-publish","hentry"],"_links":{"self":[{"href":"https:\/\/5dhnaszezoo.pl\/index.php\/wp-json\/wp\/v2\/pages\/196","targetHints":{"allow":["GET"]}}],"collection":[{"href":"https:\/\/5dhnaszezoo.pl\/index.php\/wp-json\/wp\/v2\/pages"}],"about":[{"href":"https:\/\/5dhnaszezoo.pl\/index.php\/wp-json\/wp\/v2\/types\/page"}],"author":[{"embeddable":true,"href":"https:\/\/5dhnaszezoo.pl\/index.php\/wp-json\/wp\/v2\/users\/1"}],"replies":[{"embeddable":true,"href":"https:\/\/5dhnaszezoo.pl\/index.php\/wp-json\/wp\/v2\/comments?post=196"}],"version-history":[{"count":13,"href":"https:\/\/5dhnaszezoo.pl\/index.php\/wp-json\/wp\/v2\/pages\/196\/revisions"}],"predecessor-version":[{"id":799,"href":"https:\/\/5dhnaszezoo.pl\/index.php\/wp-json\/wp\/v2\/pages\/196\/revisions\/799"}],"wp:attachment":[{"href":"https:\/\/5dhnaszezoo.pl\/index.php\/wp-json\/wp\/v2\/media?parent=196"}],"curies":[{"name":"wp","href":"https:\/\/api.w.org\/{rel}","templated":true}]}}