{"id":154,"date":"2020-10-18T13:20:41","date_gmt":"2020-10-18T11:20:41","guid":{"rendered":"http:\/\/5dhnaszezoo.pl\/?page_id=154"},"modified":"2020-10-18T13:24:48","modified_gmt":"2020-10-18T11:24:48","slug":"prawo-harcerskie","status":"publish","type":"page","link":"https:\/\/5dhnaszezoo.pl\/index.php\/prawo-harcerskie\/","title":{"rendered":"Prawo Harcerskie"},"content":{"rendered":"<ol>\n<li>Harcerz sumiennie spe\u0142nia swoje obowi\u0105zki wynikaj\u0105ce z Przyrzeczenia Harcerskiego.<\/li>\n<li>Na s\u0142owie harcerza polegaj jak na Zawiszy.<\/li>\n<li>Harcerz jest po\u017cyteczny i niesie pomoc bli\u017anim.<\/li>\n<li>Harcerz w ka\u017cdym widzi bli\u017aniego, a za brata uwa\u017ca ka\u017cdego innego harcerza.<\/li>\n<li>Harcerz post\u0119puje po rycersku.<\/li>\n<li>Harcerz mi\u0142uje przyrod\u0119 i stara si\u0119 j\u0105 pozna\u0107.<\/li>\n<li>Harcerz jest karny i pos\u0142uszny rodzicom i wszystkim swoim prze\u0142o\u017conym.<\/li>\n<li>Harcerz jest zawsze pogodny.<\/li>\n<li>Harcerz jest oszcz\u0119dny i ofiarny.<\/li>\n<li>Harcerz pracuje nad sob\u0105, jest czysty w my\u015bli, mowie i uczynkach; jest wolny od na\u0142og\u00f3w.<\/li>\n<\/ol>\n","protected":false},"excerpt":{"rendered":"<p>Harcerz sumiennie spe\u0142nia swoje obowi\u0105zki wynikaj\u0105ce z Przyrzeczenia Harcerskiego. Na s\u0142owie harcerza polegaj jak na Zawiszy. Harcerz jest po\u017cyteczny i<\/p>\n","protected":false},"author":1,"featured_media":0,"parent":0,"menu_order":0,"comment_status":"closed","ping_status":"closed","template":"","meta":{"colormag_page_container_layout":"default_layout","colormag_page_sidebar_layout":"default_layout","footnotes":""},"class_list":["post-154","page","type-page","status-publish","hentry"],"_links":{"self":[{"href":"https:\/\/5dhnaszezoo.pl\/index.php\/wp-json\/wp\/v2\/pages\/154","targetHints":{"allow":["GET"]}}],"collection":[{"href":"https:\/\/5dhnaszezoo.pl\/index.php\/wp-json\/wp\/v2\/pages"}],"about":[{"href":"https:\/\/5dhnaszezoo.pl\/index.php\/wp-json\/wp\/v2\/types\/page"}],"author":[{"embeddable":true,"href":"https:\/\/5dhnaszezoo.pl\/index.php\/wp-json\/wp\/v2\/users\/1"}],"replies":[{"embeddable":true,"href":"https:\/\/5dhnaszezoo.pl\/index.php\/wp-json\/wp\/v2\/comments?post=154"}],"version-history":[{"count":3,"href":"https:\/\/5dhnaszezoo.pl\/index.php\/wp-json\/wp\/v2\/pages\/154\/revisions"}],"predecessor-version":[{"id":161,"href":"https:\/\/5dhnaszezoo.pl\/index.php\/wp-json\/wp\/v2\/pages\/154\/revisions\/161"}],"wp:attachment":[{"href":"https:\/\/5dhnaszezoo.pl\/index.php\/wp-json\/wp\/v2\/media?parent=154"}],"curies":[{"name":"wp","href":"https:\/\/api.w.org\/{rel}","templated":true}]}}