{"id":1024,"date":"2025-05-04T12:20:14","date_gmt":"2025-05-04T10:20:14","guid":{"rendered":"https:\/\/5dhnaszezoo.pl\/?page_id=1024"},"modified":"2025-05-04T12:21:24","modified_gmt":"2025-05-04T10:21:24","slug":"konkurs-historyczny-2025-czesc-iii","status":"publish","type":"page","link":"https:\/\/5dhnaszezoo.pl\/index.php\/konkurs-historyczny-2025-czesc-iii\/","title":{"rendered":"Konkurs Historyczny 2025 &#8211; cz\u0119\u015b\u0107 III"},"content":{"rendered":"<p style=\"text-align: center;\"><span style=\"font-size: 14pt; color: #000080;\"><strong>Andrzej Zaruski &#8211; Pierwszy harcerz i \u017ceglarz Rzeczypospolitej<\/strong><\/span><\/p>\n<p style=\"text-align: center;\"><a href=\"http:\/\/5dhnaszezoo.pl\/wp-content\/uploads\/2025\/05\/Mariusz-Zaruski-zyciorys.pdf\" target=\"_blank\" rel=\"noopener\">Mariusz Zaruski &#8211; \u017cyciorys<\/a><\/p>\n<p style=\"text-align: center;\"><a href=\"http:\/\/5dhnaszezoo.pl\/wp-content\/uploads\/2025\/05\/Zaruski-na-fotografiach.pdf\" target=\"_blank\" rel=\"noopener\">Zaruski na fotografiach<\/a><\/p>\n<hr \/>\n<p style=\"text-align: center;\"><a href=\"https:\/\/wordwall.net\/play\/91476\/254\/620\" target=\"_blank\" rel=\"noopener\">Zadanie 6<\/a><\/p>\n<p style=\"text-align: center;\"><img loading=\"lazy\" decoding=\"async\" class=\"alignnone size-thumbnail wp-image-1027\" src=\"http:\/\/5dhnaszezoo.pl\/wp-content\/uploads\/2025\/05\/Zrzut-ekranu-2025-05-04-121936-150x150.png\" alt=\"\" width=\"150\" height=\"150\" srcset=\"https:\/\/5dhnaszezoo.pl\/wp-content\/uploads\/2025\/05\/Zrzut-ekranu-2025-05-04-121936-150x150.png 150w, https:\/\/5dhnaszezoo.pl\/wp-content\/uploads\/2025\/05\/Zrzut-ekranu-2025-05-04-121936-300x298.png 300w, https:\/\/5dhnaszezoo.pl\/wp-content\/uploads\/2025\/05\/Zrzut-ekranu-2025-05-04-121936.png 382w\" sizes=\"auto, (max-width: 150px) 100vw, 150px\" \/><\/p>\n<p>&nbsp;<\/p>\n","protected":false},"excerpt":{"rendered":"<p>Andrzej Zaruski &#8211; Pierwszy harcerz i \u017ceglarz Rzeczypospolitej Mariusz Zaruski &#8211; \u017cyciorys Zaruski na fotografiach Zadanie 6 &nbsp;<\/p>\n","protected":false},"author":1,"featured_media":0,"parent":0,"menu_order":0,"comment_status":"closed","ping_status":"closed","template":"","meta":{"colormag_page_container_layout":"default_layout","colormag_page_sidebar_layout":"default_layout","footnotes":""},"class_list":["post-1024","page","type-page","status-publish","hentry"],"_links":{"self":[{"href":"https:\/\/5dhnaszezoo.pl\/index.php\/wp-json\/wp\/v2\/pages\/1024","targetHints":{"allow":["GET"]}}],"collection":[{"href":"https:\/\/5dhnaszezoo.pl\/index.php\/wp-json\/wp\/v2\/pages"}],"about":[{"href":"https:\/\/5dhnaszezoo.pl\/index.php\/wp-json\/wp\/v2\/types\/page"}],"author":[{"embeddable":true,"href":"https:\/\/5dhnaszezoo.pl\/index.php\/wp-json\/wp\/v2\/users\/1"}],"replies":[{"embeddable":true,"href":"https:\/\/5dhnaszezoo.pl\/index.php\/wp-json\/wp\/v2\/comments?post=1024"}],"version-history":[{"count":2,"href":"https:\/\/5dhnaszezoo.pl\/index.php\/wp-json\/wp\/v2\/pages\/1024\/revisions"}],"predecessor-version":[{"id":1031,"href":"https:\/\/5dhnaszezoo.pl\/index.php\/wp-json\/wp\/v2\/pages\/1024\/revisions\/1031"}],"wp:attachment":[{"href":"https:\/\/5dhnaszezoo.pl\/index.php\/wp-json\/wp\/v2\/media?parent=1024"}],"curies":[{"name":"wp","href":"https:\/\/api.w.org\/{rel}","templated":true}]}}