{"id":1010,"date":"2025-05-01T09:55:20","date_gmt":"2025-05-01T07:55:20","guid":{"rendered":"https:\/\/5dhnaszezoo.pl\/?page_id=1010"},"modified":"2025-05-01T10:25:36","modified_gmt":"2025-05-01T08:25:36","slug":"konkurs-historyczny-2025-czesc-ii","status":"publish","type":"page","link":"https:\/\/5dhnaszezoo.pl\/index.php\/konkurs-historyczny-2025-czesc-ii\/","title":{"rendered":"Konkurs Historyczny 2025 &#8211; cz\u0119\u015b\u0107 II"},"content":{"rendered":"<p style=\"text-align: center;\"><span style=\"font-size: 18pt;\">Zawisza Czarny<\/span><\/p>\n<p style=\"text-align: center;\"><img loading=\"lazy\" decoding=\"async\" class=\"alignnone wp-image-1011 \" src=\"http:\/\/5dhnaszezoo.pl\/wp-content\/uploads\/2025\/05\/DSC_0076-1024x681.jpg\" alt=\"\" width=\"382\" height=\"254\" srcset=\"https:\/\/5dhnaszezoo.pl\/wp-content\/uploads\/2025\/05\/DSC_0076-1024x681.jpg 1024w, https:\/\/5dhnaszezoo.pl\/wp-content\/uploads\/2025\/05\/DSC_0076-300x199.jpg 300w, https:\/\/5dhnaszezoo.pl\/wp-content\/uploads\/2025\/05\/DSC_0076-768x511.jpg 768w, https:\/\/5dhnaszezoo.pl\/wp-content\/uploads\/2025\/05\/DSC_0076-1536x1021.jpg 1536w, https:\/\/5dhnaszezoo.pl\/wp-content\/uploads\/2025\/05\/DSC_0076-2048x1362.jpg 2048w\" sizes=\"auto, (max-width: 382px) 100vw, 382px\" \/>\u00a0 <img loading=\"lazy\" decoding=\"async\" class=\"alignnone wp-image-1012 \" src=\"http:\/\/5dhnaszezoo.pl\/wp-content\/uploads\/2025\/05\/zawisza-zdjecie-1-scaled-1-2048x1366-1-1024x683.jpg\" alt=\"\" width=\"381\" height=\"254\" srcset=\"https:\/\/5dhnaszezoo.pl\/wp-content\/uploads\/2025\/05\/zawisza-zdjecie-1-scaled-1-2048x1366-1-1024x683.jpg 1024w, https:\/\/5dhnaszezoo.pl\/wp-content\/uploads\/2025\/05\/zawisza-zdjecie-1-scaled-1-2048x1366-1-300x200.jpg 300w, https:\/\/5dhnaszezoo.pl\/wp-content\/uploads\/2025\/05\/zawisza-zdjecie-1-scaled-1-2048x1366-1-768x512.jpg 768w, https:\/\/5dhnaszezoo.pl\/wp-content\/uploads\/2025\/05\/zawisza-zdjecie-1-scaled-1-2048x1366-1-1536x1025.jpg 1536w, https:\/\/5dhnaszezoo.pl\/wp-content\/uploads\/2025\/05\/zawisza-zdjecie-1-scaled-1-2048x1366-1.jpg 2048w\" sizes=\"auto, (max-width: 381px) 100vw, 381px\" \/><\/p>\n<p style=\"text-align: center;\">\u201eZawisza Czarny\u201d to jedyny harcerski \u017caglowiec w Polsce i jeden z niewielu na \u015bwiecie. Dla harcerzy i harcerek, ale i dla niezrzeszonej m\u0142odzie\u017cy, rejs na \u201eZawiszy Czarnym\u201d jest wyj\u0105tkowym do\u015bwiadczeniem, kt\u00f3re pozostaje w pami\u0119ci na ca\u0142e \u017cycie.<\/p>\n<p style=\"text-align: center;\">Poznajcie jego histori\u0119.<\/p>\n<p style=\"text-align: center;\"><a href=\"http:\/\/5dhnaszezoo.pl\/wp-content\/uploads\/2025\/05\/Zawisza-Czarny-I.pdf\">Zawisza Czarny I<\/a><\/p>\n<p style=\"text-align: center;\"><a href=\"http:\/\/5dhnaszezoo.pl\/wp-content\/uploads\/2025\/05\/Zawisza-Czarny-II-1.pdf\">Zawisza Czarny II<\/a><\/p>\n<hr \/>\n<p style=\"text-align: center;\"><a href=\"https:\/\/wordwall.net\/play\/91354\/122\/737\" target=\"_blank\" rel=\"noopener\">ZADANIE 4 &#8211; Zawisza Czarny 1<\/a><\/p>\n<p style=\"text-align: center;\"><img loading=\"lazy\" decoding=\"async\" class=\"alignnone size-thumbnail wp-image-1017\" src=\"http:\/\/5dhnaszezoo.pl\/wp-content\/uploads\/2025\/05\/Zadanie-4-150x150.png\" alt=\"\" width=\"150\" height=\"150\" \/><\/p>\n<p style=\"text-align: center;\"><a href=\"https:\/\/wordwall.net\/play\/91354\/776\/841\" target=\"_blank\" rel=\"noopener\">ZADANIE 5 &#8211; Zawisza Czarny 2<\/a><\/p>\n<p style=\"text-align: center;\"><img loading=\"lazy\" decoding=\"async\" class=\"alignnone size-thumbnail wp-image-1019\" src=\"http:\/\/5dhnaszezoo.pl\/wp-content\/uploads\/2025\/05\/Zadanie-5-150x150.png\" alt=\"\" width=\"150\" height=\"150\" \/><\/p>\n<p>&nbsp;<\/p>\n","protected":false},"excerpt":{"rendered":"<p>Zawisza Czarny \u00a0 \u201eZawisza Czarny\u201d to jedyny harcerski \u017caglowiec w Polsce i jeden z niewielu na \u015bwiecie. Dla harcerzy i<\/p>\n","protected":false},"author":1,"featured_media":0,"parent":0,"menu_order":0,"comment_status":"closed","ping_status":"closed","template":"","meta":{"colormag_page_container_layout":"default_layout","colormag_page_sidebar_layout":"default_layout","footnotes":""},"class_list":["post-1010","page","type-page","status-publish","hentry"],"_links":{"self":[{"href":"https:\/\/5dhnaszezoo.pl\/index.php\/wp-json\/wp\/v2\/pages\/1010","targetHints":{"allow":["GET"]}}],"collection":[{"href":"https:\/\/5dhnaszezoo.pl\/index.php\/wp-json\/wp\/v2\/pages"}],"about":[{"href":"https:\/\/5dhnaszezoo.pl\/index.php\/wp-json\/wp\/v2\/types\/page"}],"author":[{"embeddable":true,"href":"https:\/\/5dhnaszezoo.pl\/index.php\/wp-json\/wp\/v2\/users\/1"}],"replies":[{"embeddable":true,"href":"https:\/\/5dhnaszezoo.pl\/index.php\/wp-json\/wp\/v2\/comments?post=1010"}],"version-history":[{"count":3,"href":"https:\/\/5dhnaszezoo.pl\/index.php\/wp-json\/wp\/v2\/pages\/1010\/revisions"}],"predecessor-version":[{"id":1020,"href":"https:\/\/5dhnaszezoo.pl\/index.php\/wp-json\/wp\/v2\/pages\/1010\/revisions\/1020"}],"wp:attachment":[{"href":"https:\/\/5dhnaszezoo.pl\/index.php\/wp-json\/wp\/v2\/media?parent=1010"}],"curies":[{"name":"wp","href":"https:\/\/api.w.org\/{rel}","templated":true}]}}